{"id":42,"date":"2019-02-08T10:29:54","date_gmt":"2019-02-08T09:29:54","guid":{"rendered":"https:\/\/metalplast.fr\/?page_id=42"},"modified":"2023-04-08T14:38:01","modified_gmt":"2023-04-08T12:38:01","slug":"mentions-legales","status":"publish","type":"page","link":"https:\/\/metalplast.fr\/fr\/mentions-legales","title":{"rendered":"Mentions l\u00e9gales, politique de confidentialit\u00e9 &#038; RGPD"},"content":{"rendered":"<p>[et_pb_section fb_built=\u00a0\u00bb1&Prime; admin_label=\u00a0\u00bbHeader\u00a0\u00bb _builder_version=\u00a0\u00bb4.20.2&Prime; _module_preset=\u00a0\u00bb9329f327-0fb1-4dec-9645-d2d81c727bf4&Prime; background_position=\u00a0\u00bbtop_center\u00a0\u00bb background_vertical_offset=\u00a0\u00bb10%\u00a0\u00bb custom_margin=\u00a0\u00bb0px||0px||true|false\u00a0\u00bb custom_padding=\u00a0\u00bb6em||6em||true|false\u00a0\u00bb global_colors_info=\u00a0\u00bb{}\u00a0\u00bb][et_pb_row _builder_version=\u00a0\u00bb4.20.0&Prime; _module_preset=\u00a0\u00bbdefault\u00a0\u00bb global_colors_info=\u00a0\u00bb{}\u00a0\u00bb][et_pb_column type=\u00a0\u00bb4_4&Prime; _builder_version=\u00a0\u00bb4.20.0&Prime; _module_preset=\u00a0\u00bbdefault\u00a0\u00bb global_colors_info=\u00a0\u00bb{}\u00a0\u00bb][et_pb_text _builder_version=\u00a0\u00bb4.20.1&Prime; _dynamic_attributes=\u00a0\u00bbcontent\u00a0\u00bb _module_preset=\u00a0\u00bbe6ae8082-0cdb-4c58-9ebc-2192deba7c8b\u00a0\u00bb global_colors_info=\u00a0\u00bb{}\u00a0\u00bb]@ET-DC@eyJkeW5hbWljIjp0cnVlLCJjb250ZW50IjoicG9zdF90aXRsZSIsInNldHRpbmdzIjp7ImJlZm9yZSI6IjxoMT4iLCJhZnRlciI6IjwvaDE+In19@[\/et_pb_text][et_pb_text _builder_version=\u00a0\u00bb4.20.1&Prime; _dynamic_attributes=\u00a0\u00bbcontent\u00a0\u00bb _module_preset=\u00a0\u00bbe6ae8082-0cdb-4c58-9ebc-2192deba7c8b\u00a0\u00bb global_colors_info=\u00a0\u00bb{}\u00a0\u00bb]@ET-DC@eyJkeW5hbWljIjp0cnVlLCJjb250ZW50IjoicG9zdF9leGNlcnB0Iiwic2V0dGluZ3MiOnsiYmVmb3JlIjoiPGgyPiIsImFmdGVyIjoiPC9oMj4iLCJ3b3JkcyI6IiIsInJlYWRfbW9yZV9sYWJlbCI6IiJ9fQ==@[\/et_pb_text][\/et_pb_column][\/et_pb_row][\/et_pb_section][et_pb_section fb_built=\u00a0\u00bb1&Prime; _builder_version=\u00a0\u00bb4.16&Prime; locked=\u00a0\u00bboff\u00a0\u00bb][et_pb_row use_custom_gutter=\u00a0\u00bbon\u00a0\u00bb gutter_width=\u00a0\u00bb1&Prime; make_equal=\u00a0\u00bbon\u00a0\u00bb admin_label=\u00a0\u00bbrow_text+picture\u00a0\u00bb module_class=\u00a0\u00bbrow_t-p\u00a0\u00bb _builder_version=\u00a0\u00bb4.20.2&Prime; _module_preset=\u00a0\u00bbdefault\u00a0\u00bb background_size=\u00a0\u00bbinitial\u00a0\u00bb background_position=\u00a0\u00bbtop_left\u00a0\u00bb background_repeat=\u00a0\u00bbrepeat\u00a0\u00bb custom_css_main_element=\u00a0\u00bbalign-items:center;\u00a0\u00bb global_colors_info=\u00a0\u00bb{}\u00a0\u00bb][et_pb_column type=\u00a0\u00bb4_4&Prime; _builder_version=\u00a0\u00bb4.16&Prime; _module_preset=\u00a0\u00bbdefault\u00a0\u00bb custom_padding=\u00a0\u00bb|||\u00a0\u00bb global_colors_info=\u00a0\u00bb{}\u00a0\u00bb custom_padding__hover=\u00a0\u00bb|||\u00a0\u00bb][et_pb_text admin_label=\u00a0\u00bbTitre\u00a0\u00bb _builder_version=\u00a0\u00bb4.20.4&Prime; _module_preset=\u00a0\u00bb11ec063a-289d-4b2f-92ed-796b82fd43eb\u00a0\u00bb text_font=\u00a0\u00bbLato|700|||||||\u00a0\u00bb text_text_color=\u00a0\u00bbgcid-4947806e-2832-4e10-830a-4192f917fe09&Prime; text_font_size=\u00a0\u00bb24px\u00a0\u00bb global_colors_info=\u00a0\u00bb{%22gcid-4947806e-2832-4e10-830a-4192f917fe09%22:%91%22text_text_color%22%93}\u00a0\u00bb]<\/p>\n<h3>Mentions l\u00e9gales<\/h3>\n<p>[\/et_pb_text][et_pb_text _builder_version=\u00a0\u00bb4.20.4&Prime; _module_preset=\u00a0\u00bb11ec063a-289d-4b2f-92ed-796b82fd43eb\u00a0\u00bb background_size=\u00a0\u00bbinitial\u00a0\u00bb background_position=\u00a0\u00bbtop_left\u00a0\u00bb background_repeat=\u00a0\u00bbrepeat\u00a0\u00bb global_colors_info=\u00a0\u00bb{}\u00a0\u00bb]<\/p>\n<p><strong>Le pr\u00e9sent site internet, accessible \u00e0 l&rsquo;adresse https:\/\/www.metalplast.fr, est \u00e9dit\u00e9 par la soci\u00e9t\u00e9 Metalplast SA, dont le si\u00e8ge social est situ\u00e9 au 31, rue de Vergennes &#8211; 78000 Versailles. Metalplast SA est une soci\u00e9t\u00e9 anonyme au capital de 1 100 000,00 \u20ac, immatricul\u00e9e au Registre du Commerce et des Soci\u00e9t\u00e9s de Versailles sous le num\u00e9ro SIRET 31592989300040.<\/strong><\/p>\n<p><strong>Conception et maintenance<br \/><\/strong>Le site a \u00e9t\u00e9 con\u00e7u par J\u00e9r\u00f4me VADON pour le compte du client, sous sa direction. La maintenance du site est effectu\u00e9e par Metalplast SA ou par J\u00e9r\u00f4me VADON pour le compte du client sur sa demande.<\/p>\n<p><strong>H\u00e9bergement<br \/><\/strong>Le site est h\u00e9berg\u00e9 par OVH, dont le si\u00e8ge social est situ\u00e9 au 2, rue Kellermann &#8211; 59100 Roubaix, France. T\u00e9l\u00e9phone : 1007.<\/p>\n<p><strong>Responsable de la publication<br \/><\/strong>Le responsable de la publication est Jean Christophe DEZARNAUD. Vous pouvez le contacter par courrier \u00e9lectronique \u00e0 l&rsquo;adresse jcdz[at]metalplast.fr<\/p>\n<p><strong>Politique de confidentialit\u00e9 et RGPD<br \/><\/strong>Metalplast SA s&rsquo;engage \u00e0 prot\u00e9ger et \u00e0 respecter votre vie priv\u00e9e conform\u00e9ment au R\u00e8glement g\u00e9n\u00e9ral sur la protection des donn\u00e9es (RGPD). Pour plus d&rsquo;informations sur la mani\u00e8re dont nous collectons, utilisons et prot\u00e9geons vos donn\u00e9es personnelles, veuillez consulter notre Politique de confidentialit\u00e9.<\/p>\n<p><strong>Cr\u00e9dits<br \/><\/strong>Les cr\u00e9dits photos sont principalement attribuables aux plateformes Adobe Stock, Fotolia et Freepik, sauf dans le cas de contenus fournis par l&rsquo;\u00e9diteur. Dans ce cas, les \u00e9ventuels cr\u00e9dits sp\u00e9cifiques sont indiqu\u00e9s \u00e0 minima dans la balise \u00ab\u00a0title\u00a0\u00bb. Les illustrations sont principalement attribuables \u00e0 J\u00e9r\u00f4me VADON, pour le compte du client. Si vous avez des interrogations sur les licences, merci de contacter directement l&rsquo;\u00e9diteur.<\/p>\n<p><strong>Droit d&rsquo;auteur et propri\u00e9t\u00e9 intellectuelle<br \/><\/strong>L&rsquo;ensemble des \u00e9l\u00e9ments pr\u00e9sents sur le site https:\/\/www.metalplast.fr, y compris les textes, images, logos, illustrations et photographies, est prot\u00e9g\u00e9 par le droit d&rsquo;auteur et la propri\u00e9t\u00e9 intellectuelle. Toute reproduction, repr\u00e9sentation, modification, publication ou adaptation de tout ou partie des \u00e9l\u00e9ments du site, quel que soit le moyen ou le proc\u00e9d\u00e9 utilis\u00e9, est interdite, sauf autorisation \u00e9crite pr\u00e9alable de Metalplast SA.<\/p>\n<p><strong>Liens hypertextes et cookies<br \/><\/strong>Le site https:\/\/www.metalplast.fr contient un certain nombre de liens hypertextes vers d&rsquo;autres sites, mis en place avec l&rsquo;autorisation de Metalplast SA. Cependant, Metalplast SA n&rsquo;a pas la possibilit\u00e9 de v\u00e9rifier le contenu des sites ainsi visit\u00e9s et d\u00e9cline donc toute responsabilit\u00e9 de ce fait quant aux risques \u00e9ventuels de contenus illicites.<\/p>\n<p>[\/et_pb_text][et_pb_divider _builder_version=\u00a0\u00bb4.20.4&Prime; _module_preset=\u00a0\u00bbdefault\u00a0\u00bb global_colors_info=\u00a0\u00bb{}\u00a0\u00bb][\/et_pb_divider][et_pb_text admin_label=\u00a0\u00bbTitre\u00a0\u00bb _builder_version=\u00a0\u00bb4.20.4&Prime; _module_preset=\u00a0\u00bb11ec063a-289d-4b2f-92ed-796b82fd43eb\u00a0\u00bb text_font=\u00a0\u00bbLato|700|||||||\u00a0\u00bb text_text_color=\u00a0\u00bbgcid-4947806e-2832-4e10-830a-4192f917fe09&Prime; text_font_size=\u00a0\u00bb24px\u00a0\u00bb global_colors_info=\u00a0\u00bb{%22gcid-4947806e-2832-4e10-830a-4192f917fe09%22:%91%22text_text_color%22%93}\u00a0\u00bb]<\/p>\n<h3>Politique de confidentialit\u00e9<\/h3>\n<p>[\/et_pb_text][et_pb_text _builder_version=\u00a0\u00bb4.20.4&Prime; _module_preset=\u00a0\u00bb11ec063a-289d-4b2f-92ed-796b82fd43eb\u00a0\u00bb background_size=\u00a0\u00bbinitial\u00a0\u00bb background_position=\u00a0\u00bbtop_left\u00a0\u00bb background_repeat=\u00a0\u00bbrepeat\u00a0\u00bb global_colors_info=\u00a0\u00bb{}\u00a0\u00bb]<\/p>\n<ol>\n<li><strong>Introduction<\/strong><\/li>\n<\/ol>\n<p>Metalplast SA accorde une grande importance \u00e0 la protection de la vie priv\u00e9e et des donn\u00e9es personnelles de ses utilisateurs. Cette Politique de confidentialit\u00e9 a pour but de vous informer sur la mani\u00e8re dont nous collectons, utilisons et prot\u00e9geons vos donn\u00e9es personnelles conform\u00e9ment au R\u00e8glement g\u00e9n\u00e9ral sur la protection des donn\u00e9es (RGPD).<\/p>\n<ol start=\"2\">\n<li><strong>Collecte des donn\u00e9es<\/strong><\/li>\n<\/ol>\n<p>Lors de votre utilisation du site https:\/\/www.metalplast.fr, nous pouvons \u00eatre amen\u00e9s \u00e0 collecter des donn\u00e9es personnelles vous concernant. Ces donn\u00e9es peuvent inclure, sans s&rsquo;y limiter, vos nom, pr\u00e9nom, adresse e-mail, adresse postale, num\u00e9ro de t\u00e9l\u00e9phone, adresse IP, donn\u00e9es de navigation et toute autre information que vous pourriez volontairement nous fournir.<\/p>\n<ol start=\"3\">\n<li><strong>Utilisation des donn\u00e9es<\/strong><\/li>\n<\/ol>\n<p>Les donn\u00e9es collect\u00e9es sont utilis\u00e9es principalement pour les finalit\u00e9s suivantes :<\/p>\n<ul>\n<li>Gestion et suivi de vos demandes de renseignements, de devis ou de contact<\/li>\n<li>Am\u00e9lioration de la qualit\u00e9 et de l&rsquo;ergonomie de notre site internet<\/li>\n<li>R\u00e9alisation de statistiques relatives \u00e0 l&rsquo;utilisation du site<\/li>\n<li>Respect de nos obligations l\u00e9gales et r\u00e9glementaires<\/li>\n<\/ul>\n<ol start=\"4\">\n<li><strong>Partage des donn\u00e9es<\/strong><\/li>\n<\/ol>\n<p>Metalplast SA s&rsquo;engage \u00e0 ne pas vendre, louer ou \u00e9changer vos donn\u00e9es personnelles avec des tiers sans votre consentement pr\u00e9alable. Vos donn\u00e9es pourront toutefois \u00eatre partag\u00e9es avec des prestataires de services agissant en notre nom, dans la mesure n\u00e9cessaire pour r\u00e9aliser les finalit\u00e9s d\u00e9crites ci-dessus (par exemple, h\u00e9bergeur du site, prestataires de maintenance, etc.). Nous veillons \u00e0 ce que ces prestataires respectent les dispositions du RGPD et assurent la confidentialit\u00e9 et la s\u00e9curit\u00e9 de vos donn\u00e9es.<\/p>\n<ol start=\"5\">\n<li><strong>S\u00e9curit\u00e9 des donn\u00e9es<\/strong><\/li>\n<\/ol>\n<p>Nous mettons en \u0153uvre des mesures de s\u00e9curit\u00e9 appropri\u00e9es pour prot\u00e9ger vos donn\u00e9es personnelles contre l&rsquo;acc\u00e8s non autoris\u00e9, la divulgation, la modification ou la destruction. Ces mesures incluent des protections techniques, physiques et organisationnelles, ainsi que des proc\u00e9dures de sauvegarde et de r\u00e9cup\u00e9ration des donn\u00e9es en cas d&rsquo;incident.<\/p>\n<ol start=\"6\">\n<li><strong>Dur\u00e9e de conservation des donn\u00e9es<\/strong><\/li>\n<\/ol>\n<p>Vos donn\u00e9es personnelles seront conserv\u00e9es aussi longtemps que n\u00e9cessaire pour r\u00e9aliser les finalit\u00e9s pour lesquelles elles ont \u00e9t\u00e9 collect\u00e9es, dans le respect des obligations l\u00e9gales et r\u00e9glementaires en mati\u00e8re de conservation des donn\u00e9es.<\/p>\n<ol start=\"7\">\n<li><strong>Vos droits<\/strong><\/li>\n<\/ol>\n<p>Conform\u00e9ment au RGPD, vous disposez des droits suivants sur vos donn\u00e9es personnelles :<\/p>\n<ul>\n<li>Droit d&rsquo;acc\u00e8s : vous pouvez obtenir des informations sur les donn\u00e9es que nous d\u00e9tenons \u00e0 votre sujet<\/li>\n<li>Droit de rectification : vous pouvez demander la correction de vos donn\u00e9es si elles sont inexactes ou incompl\u00e8tes<\/li>\n<li>Droit \u00e0 l&rsquo;effacement : vous pouvez demander la suppression de vos donn\u00e9es, sous r\u00e9serve des obligations l\u00e9gales de conservation<\/li>\n<li>Droit \u00e0 la limitation du traitement : vous pouvez demander la limitation du traitement de vos donn\u00e9es dans certaines conditions<\/li>\n<li>Droit \u00e0 la portabilit\u00e9 : vous pouvez demander la transmission de vos donn\u00e9es \u00e0 un autre responsable de traitement<\/li>\n<li>Droit d&rsquo;opposition : vous pouvez vous opposer au traitement de vos donn\u00e9es pour des raisons tenant \u00e0 votre situation particuli\u00e8re<\/li>\n<\/ul>\n<p>Pour exercer ces droits, veuillez nous contacter \u00e0 l&rsquo;adresse e-mail suivante : jcdz[at]metalplast.fr. Nous nous engageons \u00e0 r\u00e9pondre \u00e0<\/p>\n<p>votre demande dans un d\u00e9lai d&rsquo;un mois \u00e0 compter de la r\u00e9ception de celle-ci. Ce d\u00e9lai peut \u00eatre prolong\u00e9 de deux mois suppl\u00e9mentaires en cas de complexit\u00e9 ou de nombre de demandes importantes.<\/p>\n<p>Si vous estimez que vos droits n&rsquo;ont pas \u00e9t\u00e9 respect\u00e9s, vous avez la possibilit\u00e9 d&rsquo;introduire une r\u00e9clamation aupr\u00e8s de l&rsquo;autorit\u00e9 de contr\u00f4le comp\u00e9tente, en France la Commission nationale de l&rsquo;informatique et des libert\u00e9s (CNIL).<\/p>\n<ol start=\"8\">\n<li><strong>Modifications de la Politique de confidentialit\u00e9<\/strong><\/li>\n<\/ol>\n<p>Nous nous r\u00e9servons le droit de modifier cette Politique de confidentialit\u00e9 \u00e0 tout moment afin de l&rsquo;adapter aux \u00e9volutions l\u00e9gislatives, r\u00e9glementaires ou techniques. La version la plus r\u00e9cente de cette Politique de confidentialit\u00e9 sera toujours disponible sur notre site internet.<\/p>\n<p>Pour toute question relative \u00e0 la protection de vos donn\u00e9es personnelles, n&rsquo;h\u00e9sitez pas \u00e0 nous contacter \u00e0 l&rsquo;adresse e-mail jcdz[at]metalplast.fr.<\/p>\n<p>[\/et_pb_text][et_pb_divider _builder_version=\u00a0\u00bb4.20.4&Prime; _module_preset=\u00a0\u00bbdefault\u00a0\u00bb global_colors_info=\u00a0\u00bb{}\u00a0\u00bb][\/et_pb_divider][et_pb_text admin_label=\u00a0\u00bbTitre\u00a0\u00bb _builder_version=\u00a0\u00bb4.20.4&Prime; _module_preset=\u00a0\u00bbdefault\u00a0\u00bb text_font=\u00a0\u00bbLato|700|||||||\u00a0\u00bb text_text_color=\u00a0\u00bbgcid-4947806e-2832-4e10-830a-4192f917fe09&Prime; text_font_size=\u00a0\u00bb24px\u00a0\u00bb global_colors_info=\u00a0\u00bb{%22gcid-4947806e-2832-4e10-830a-4192f917fe09%22:%91%22text_text_color%22%93}\u00a0\u00bb]<\/p>\n<h3>Cookies<\/h3>\n<p>[\/et_pb_text][et_pb_text _builder_version=\u00a0\u00bb4.20.4&Prime; _module_preset=\u00a0\u00bb11ec063a-289d-4b2f-92ed-796b82fd43eb\u00a0\u00bb background_size=\u00a0\u00bbinitial\u00a0\u00bb background_position=\u00a0\u00bbtop_left\u00a0\u00bb background_repeat=\u00a0\u00bbrepeat\u00a0\u00bb hover_enabled=\u00a0\u00bb0&Prime; global_colors_info=\u00a0\u00bb{}\u00a0\u00bb sticky_enabled=\u00a0\u00bb0&Prime;]<\/p>\n<p>[cmplz-document type=\u00a0\u00bbcookie-statement\u00a0\u00bb region=\u00a0\u00bbeu\u00a0\u00bb]<\/p>\n<p>[\/et_pb_text][\/et_pb_column][\/et_pb_row][\/et_pb_section]<\/p>\n","protected":false},"excerpt":{"rendered":"<p>Mentions l\u00e9galesLe pr\u00e9sent site internet, accessible \u00e0 l&rsquo;adresse https:\/\/www.metalplast.fr, est \u00e9dit\u00e9 par la soci\u00e9t\u00e9 Metalplast SA, dont le si\u00e8ge social est situ\u00e9 au 31, rue de Vergennes &#8211; 78000 Versailles. Metalplast SA est une soci\u00e9t\u00e9 anonyme au capital de 1 100 000,00 \u20ac, immatricul\u00e9e au Registre du Commerce et des Soci\u00e9t\u00e9s de Versailles sous le [&hellip;]<\/p>\n","protected":false},"author":1,"featured_media":0,"parent":0,"menu_order":8,"comment_status":"closed","ping_status":"closed","template":"","meta":{"_et_pb_use_builder":"on","_et_pb_old_content":"<p>[vc_row full_width=\"stretch_row\" content_placement=\"middle\" bg_type=\"image\" parallax_style=\"vcpb-default\" bg_image_new=\"id^129|url^https:\/\/metalplast.fr\/wp-content\/uploads\/2019\/02\/slide4.jpg|caption^null|alt^null|title^slide4|description^null\" bg_image_repeat=\"no-repeat\" bg_img_attach=\"fixed\" seperator_enable=\"seperator_enable_value\" seperator_type=\"xlarge_triangle_left_seperator\" seperator_position=\"bottom_seperator\" seperator_svg_height=\"120\" el_id=\"metalplast\" css=\".vc_custom_1549964907211{margin-bottom: 0px !important;padding-bottom: 0px !important;}\"][vc_column][vc_custom_heading source=\"post_title\" font_container=\"tag:h1|font_size:3em|text_align:left|color:%23ffffff\" google_fonts=\"font_family:Lato%3A100%2C100italic%2C300%2C300italic%2Cregular%2Citalic%2C700%2C700italic%2C900%2C900italic|font_style:700%20bold%20regular%3A700%3Anormal\" css_animation=\"none\" css=\".vc_custom_1549964867024{margin-top: 1em !important;}\"][vc_custom_heading text=\"Metalplast con\u00e7oit, d\u00e9veloppe et commercialise des accessoires et pi\u00e8ces exclusivement pour les constructeurs Automobile.\" font_container=\"tag:h3|font_size:2em|text_align:left|color:%23ffffff\" google_fonts=\"font_family:Lato%3A100%2C100italic%2C300%2C300italic%2Cregular%2Citalic%2C700%2C700italic%2C900%2C900italic|font_style:300%20light%20regular%3A300%3Anormal\" css_animation=\"fadeIn\" css=\".vc_custom_1549964878393{margin-bottom: 4em !important;}\"][\/vc_column][\/vc_row][vc_row][vc_column][vc_custom_heading text=\"Editeur\" font_container=\"tag:h3|text_align:left\" use_theme_fonts=\"yes\"][vc_column_text]Ce site internet est \u00e9dit\u00e9 par <b><i>Metalplast SA<\/i><\/b><br \/><strong>31, rue de Vergennes -\u00a0 78000 Versailles<\/strong><br \/><strong>SA au capital de 1 100 000,00 \u20ac<br \/><\/strong><strong>SIRET 31592989300040<\/strong>[\/vc_column_text][vc_custom_heading text=\"Responsable de la publication\" font_container=\"tag:h3|text_align:left\" use_theme_fonts=\"yes\"][vc_column_text]Le responsable de la publication est <b>Jean Christophe\u00a0DEZARNAUD<\/b><br \/>Vous pouvez le contacter par courrier \u00e9lectronique \u00e0 jcdz[arobase]metalplast[point]fr[\/vc_column_text][vc_custom_heading text=\"Cr\u00e9ation et maintenance\" font_container=\"tag:h3|text_align:left\" use_theme_fonts=\"yes\"][vc_column_text]Ce site a \u00e9t\u00e9 cr\u00e9\u00e9 par <b>Advinci <\/b>pour le compte de\u00a0<strong><em>l'\u00e9diteur\u00a0<\/em><\/strong>et sous le contr\u00f4le\u00a0du <strong><em>responsable de la publication<\/em><\/strong>.[\/vc_column_text][vc_custom_heading text=\"H\u00e9bergement\" font_container=\"tag:h3|text_align:left\" use_theme_fonts=\"yes\"][vc_column_text]Le site est h\u00e9berg\u00e9 par <a href=\"http:\/\/ovh.fr\" target=\"_blank\" rel=\"noopener noreferrer\">OVH<\/a><br \/>2, rue Kellermann - 59100 Roubaix \u2013 T\u00e9l\u00e9phone : 1007<\/p><div class=\"ctn-gen-introduction\">\u00a0<\/div><p>[\/vc_column_text][vc_custom_heading text=\"Cr\u00e9dits\" font_container=\"tag:h3|text_align:left\" use_theme_fonts=\"yes\"][vc_column_text]Les cr\u00e9dits photos sont principalement attribuables au plateformes <a href=\"https:\/\/stock.adobe.com\" target=\"_blank\" rel=\"noopener noreferrer\">Adobe Stock<\/a> \/\u00a0<a href=\"http:\/\/www.fotolia.com\" target=\"_blank\" rel=\"noopener noreferrer\">Fotolia<\/a>\u00a0ou\u00a0<a href=\"http:\/\/freepik.com\" target=\"_blank\" rel=\"noopener noreferrer\">Freepik<\/a>, sauf dans le cas de contenus fournis par l'\u00e9diteur. Dans ce cas les \u00e9ventuels cr\u00e9dits sp\u00e9cifiques sont indiqu\u00e9s \u00e0 minima dans la baliste \"title\". Les illustrations sont principalement attribuable \u00e0 J\u00e9r\u00f4me VADON, pour le compte d'Advinci. Si vous avez des interrogations sur les licences, merci de contacter directement <b>l'\u00e9diteur.<\/b>[\/vc_column_text][vc_custom_heading text=\"Loi ``informatique et libert\u00e9s``\" font_container=\"tag:h3|text_align:left\" use_theme_fonts=\"yes\"][vc_column_text]Ce site est en cours de d\u00e9claration \u00e0 la Commission Nationale Informatique et Libert\u00e9s (CNIL) et respecte les dispositions de la loi 78-17 du 6 janvier 1978 relative \u00e0 l\u2019informatique, aux fichiers et aux libert\u00e9s.[\/vc_column_text][vc_custom_heading text=\"S\u00e9curisation\" font_container=\"tag:h3|text_align:left\" use_theme_fonts=\"yes\"][vc_column_text]En application de la loi n\u00ba 78-17 du 6 janvier 1978 relative \u00e0 l\u2019informatique, aux fichiers et aux libert\u00e9s, vous disposez des droits d\u2019opposition (art. 26 de la loi), d\u2019acc\u00e8s (art. 34 \u00e0 38 de la loi) et de rectification (art. 36 de la loi) des donn\u00e9es vous concernant \u00bb.\u00a0Nous nous engageons \u00e9galement \u00e0 mettre en \u0153uvre des mesures appropri\u00e9es de s\u00e9curisation et de protection de la confidentialit\u00e9 des donn\u00e9es transmises via le formulaire de contact.[\/vc_column_text][vc_custom_heading text=\"Responsabilit\u00e9s et limites\" font_container=\"tag:h3|text_align:left\" use_theme_fonts=\"yes\"][vc_column_text]<\/p><p>Les liens hypertextes vers d\u2019autres sites internet n\u2019engagent pas la responsabilit\u00e9 de <strong>Soci\u00e9t\u00e9\u00a0<\/strong>quant au contenu de ces sites. L\u2019acc\u00e8s \u00e0 tous les autres sites Internet li\u00e9s \u00e0 ce site web se fait aux risques de l\u2019utilisateur. <strong>Soci\u00e9t\u00e9<\/strong>\u00a0ne pourra \u00eatre tenu responsable des dommages directs ou indirects r\u00e9sultant de l\u2019utilisation de ce site web, ou de l\u2019impossibilit\u00e9 pour un tiers de l\u2019utiliser, ou d\u2019un mauvais fonctionnement, d\u2019une interruption, d\u2019un virus, r\u00e9sultant de l\u2019acc\u00e8s ou de l\u2019utilisation de ce site ou de tout sites qui lui sont li\u00e9s.<\/p><div class=\"ctn-gen-introduction\">\u00a0<\/div><p>[\/vc_column_text][vc_custom_heading text=\"Loi ``informatique et libert\u00e9s``\" font_container=\"tag:h3|text_align:left\" use_theme_fonts=\"yes\"][vc_column_text]Toute copie de pages du site doit avoir obtenu l\u2019autorisation du <strong><em>directeur de la publication<\/em><\/strong>. La cr\u00e9ation de liens avec le site internet de l'<strong><em>\u00e9diteur<\/em><\/strong> est soumise \u00e0 un agr\u00e9ment pr\u00e9alable du <strong><em>directeur de la publication<\/em><\/strong>.<\/p><p>Toutes les pages de ce site web sont prot\u00e9g\u00e9es par le droit d\u2019auteur fran\u00e7ais et la l\u00e9gislation sur la protection des bases de donn\u00e9es. Aucune reproduction de ce document, m\u00eame partielle, autres que celles pr\u00e9vues \u00e0 l\u2019article L 122-5 du Code de la propri\u00e9t\u00e9 intellectuelle, ne peut \u00eatre faite sans l\u2019autorisation expresse de l\u2019<em><strong>\u00e9diteur.<\/strong><\/em>[\/vc_column_text][vc_custom_heading text=\"Politique de confidentialit\u00e9\" font_container=\"tag:h3|text_align:left\" use_theme_fonts=\"yes\"][vc_column_text]En cours de r\u00e9daction<\/p><ul><li>L\u2019existence (ou non) d\u2019un D\u00e9l\u00e9gu\u00e9 \u00e0 la Protection des donn\u00e9es, charg\u00e9 de piloter le dispositif de protection des donn\u00e9es<\/li><li>La d\u00e9finition des processus de collecte, de traitement, de stockage, de transfert et de suppression des donn\u00e9es<\/li><li>La cr\u00e9ation d\u2019un processus de notification des violations de donn\u00e9es<\/li><li>Le consentement explicite du client lors de la collecte de donn\u00e9es<\/li><li>Le droit d\u2019acc\u00e8s et de suppression des donn\u00e9es personnelles<\/li><\/ul><p>[\/vc_column_text][vc_custom_heading text=\"Cookies\" font_container=\"tag:h3|text_align:left\" use_theme_fonts=\"yes\"][vc_column_text]<strong>Qu'est-ce qu'un cookie?<\/strong><\/p><p>Un cookie est un petit fichier texte d\u00e9pos\u00e9 sur votre ordinateur lors de la visite d'un site. Il a notamment pour but de collecter des informations relatives \u00e0 votre navigation et lors de la consultation de notre site internet, des cookies sont d\u00e9pos\u00e9s sur votre ordinateur, votre mobile ou votre tablette. Ces cookies sont g\u00e9r\u00e9s par votre navigateur internet et g\u00e9rables via les param\u00e8tres de ce dernier.<\/p><p><strong>Nos cookies<\/strong><\/p><p>Nous les utilisons pour s\u00e9curiser votre navigation, pour g\u00e9rer le contenu que nous vous proposons ou pour\u00a0nous souvenir que vous avez bien accepter les cookies (et ainsi ne pas g\u00e9ner votre navigation \u00e0 chaque visite).<\/p><p><strong>Les cookies tiers<\/strong><\/p><p>Il s'agit des cookies d\u00e9pos\u00e9s par des soci\u00e9t\u00e9s tierces qui nous fournissent des services (comme la mesure de l'audience par exemple) ou vous fournissent des services (comme une vid\u00e9o ou un bouton de partage vers un r\u00e9seau social).<br \/>Ils peuvent \u00eatre d\u00e9pos\u00e9s \u00e0 l'occasion de la navigation sur notre site. Nous n'avons pas la ma\u00eetrise de ces cookies d\u00e9pos\u00e9s de ces tiers qui agissent pour leur propre compte.<\/p><p>Si vous souhaitez une information plus compl\u00e8te n'h\u00e9sitez pas \u00e0 consulter le site de la CNIL, Commission Informatique et libert\u00e9 : <a href=\"https:\/\/www.cnil.fr\" target=\"_blank\" rel=\"noopener noreferrer\">https:\/\/www.cnil.fr<\/a>[\/vc_column_text][\/vc_column][\/vc_row]<\/p>","_et_gb_content_width":"","footnotes":""},"class_list":["post-42","page","type-page","status-publish","hentry"],"_links":{"self":[{"href":"https:\/\/metalplast.fr\/fr\/wp-json\/wp\/v2\/pages\/42","targetHints":{"allow":["GET"]}}],"collection":[{"href":"https:\/\/metalplast.fr\/fr\/wp-json\/wp\/v2\/pages"}],"about":[{"href":"https:\/\/metalplast.fr\/fr\/wp-json\/wp\/v2\/types\/page"}],"author":[{"embeddable":true,"href":"https:\/\/metalplast.fr\/fr\/wp-json\/wp\/v2\/users\/1"}],"replies":[{"embeddable":true,"href":"https:\/\/metalplast.fr\/fr\/wp-json\/wp\/v2\/comments?post=42"}],"version-history":[{"count":12,"href":"https:\/\/metalplast.fr\/fr\/wp-json\/wp\/v2\/pages\/42\/revisions"}],"predecessor-version":[{"id":2471,"href":"https:\/\/metalplast.fr\/fr\/wp-json\/wp\/v2\/pages\/42\/revisions\/2471"}],"wp:attachment":[{"href":"https:\/\/metalplast.fr\/fr\/wp-json\/wp\/v2\/media?parent=42"}],"curies":[{"name":"wp","href":"https:\/\/api.w.org\/{rel}","templated":true}]}}