{"id":2926,"date":"2025-09-09T20:17:54","date_gmt":"2025-09-09T18:17:08","guid":{"rendered":"https:\/\/metalplast.fr\/cabine-approfondie-1-2"},"modified":"2025-09-11T11:19:50","modified_gmt":"2025-09-11T09:19:50","slug":"cabine-approfondie","status":"publish","type":"page","link":"https:\/\/metalplast.fr\/fr\/cabine-approfondie","title":{"rendered":"Cabine approfondie"},"content":{"rendered":"<p>[et_pb_section fb_built=\u00a0\u00bb1&Prime; next_background_color=\u00a0\u00bb#ffffff\u00a0\u00bb admin_label=\u00a0\u00bbHeader\u00a0\u00bb _builder_version=\u00a0\u00bb4.27.4&Prime; _module_preset=\u00a0\u00bb9329f327-0fb1-4dec-9645-d2d81c727bf4&Prime; background_color=\u00a0\u00bbgcid-9b3062bd-236a-4f18-80bb-5ec14e62ef77&Prime; background_enable_color=\u00a0\u00bbon\u00a0\u00bb background_color_gradient_type=\u00a0\u00bblinear\u00a0\u00bb background_color_gradient_direction=\u00a0\u00bb0deg\u00a0\u00bb background_color_gradient_stops=\u00a0\u00bb#2d85bd 0%|#1c5076 99%\u00a0\u00bb background_enable_image=\u00a0\u00bboff\u00a0\u00bb custom_margin=\u00a0\u00bb||0px||false|false\u00a0\u00bb custom_padding=\u00a0\u00bb||0px||false|false\u00a0\u00bb top_divider_flip=\u00a0\u00bbhorizontal\u00a0\u00bb bottom_divider_style=\u00a0\u00bbnone\u00a0\u00bb locked=\u00a0\u00bboff\u00a0\u00bb global_colors_info=\u00a0\u00bb{%22gcid-4947806e-2832-4e10-830a-4192f917fe09%22:%91%22background_color%22,%22background_color%22,%22background_color%22%93,%22gcid-8417204c-3e59-42d8-b51b-0d56b89679b5%22:%91%22background_color_gradient_stops%22,%22background_color_gradient_stops%22,%22background_color_gradient_stops%22,%22background_color_gradient_stops%22,%22background_color_gradient_stops%22%93,%22gcid-4392cc25-901f-44f9-bf18-363fec8a8b73%22:%91%22background_color_gradient_stops%22,%22background_color_gradient_stops%22,%22background_color_gradient_stops%22,%22background_color_gradient_stops%22,%22background_color_gradient_stops%22%93,%22gcid-9b3062bd-236a-4f18-80bb-5ec14e62ef77%22:%91%22background_color%22,%22background_color_gradient_stops%22%93,%22gcid-85a07775-2829-4071-8b37-8f9be4e9470e%22:%91%22background_color_gradient_stops%22%93,%22gcid-c61714f4-6c8d-4bfc-b33a-3ba5f1d3af05%22:%91%22background_color_gradient_stops%22%93}\u00a0\u00bb][et_pb_row _builder_version=\u00a0\u00bb4.27.4&Prime; _module_preset=\u00a0\u00bbdefault\u00a0\u00bb custom_margin=\u00a0\u00bb0px||0px||false|false\u00a0\u00bb custom_padding=\u00a0\u00bb0px||0px||false|false\u00a0\u00bb global_colors_info=\u00a0\u00bb{}\u00a0\u00bb][et_pb_column type=\u00a0\u00bb4_4&Prime; _builder_version=\u00a0\u00bb4.20.0&Prime; _module_preset=\u00a0\u00bbdefault\u00a0\u00bb global_colors_info=\u00a0\u00bb{}\u00a0\u00bb][et_pb_text _builder_version=\u00a0\u00bb4.27.4&Prime; _module_preset=\u00a0\u00bbba196f89-0959-4485-978e-596a91661dbe\u00a0\u00bb global_colors_info=\u00a0\u00bb{%22gcid-8417204c-3e59-42d8-b51b-0d56b89679b5%22:%91%22text_text_color%22%93}\u00a0\u00bb]<\/p>\n<h1>Cabines approfondies pour v\u00e9hicules utilitaires<\/h1>\n<h2><span>\u00a0Nos solutions adapt\u00e9es aux programmes industriels.<\/span><\/h2>\n<p>[\/et_pb_text][et_pb_text _builder_version=\u00a0\u00bb4.20.1&Prime; _dynamic_attributes=\u00a0\u00bbcontent\u00a0\u00bb _module_preset=\u00a0\u00bb04a1c001-aea2-4f61-9aa3-5deaf9d04812&Prime; global_colors_info=\u00a0\u00bb{%22gcid-8417204c-3e59-42d8-b51b-0d56b89679b5%22:%91%22text_text_color%22,%22header_3_text_color%22%93}\u00a0\u00bb]@ET-DC@eyJkeW5hbWljIjp0cnVlLCJjb250ZW50IjoicG9zdF9leGNlcnB0Iiwic2V0dGluZ3MiOnsiYmVmb3JlIjoiPGgyPiIsImFmdGVyIjoiPC9oMj4iLCJ3b3JkcyI6IiIsInJlYWRfbW9yZV9sYWJlbCI6IiJ9fQ==@[\/et_pb_text][et_pb_button button_url=\u00a0\u00bb#CTA-form\u00a0\u00bb button_text=\u00a0\u00bb\u00c9changer avec nos \u00e9quipes\u00a0\u00bb button_alignment=\u00a0\u00bbleft\u00a0\u00bb button_alignment_tablet=\u00a0\u00bbleft\u00a0\u00bb button_alignment_phone=\u00a0\u00bbcenter\u00a0\u00bb button_alignment_last_edited=\u00a0\u00bbon|phone\u00a0\u00bb _builder_version=\u00a0\u00bb4.27.4&Prime; _module_preset=\u00a0\u00bb7dc4d9f2-13ca-42a5-b2c3-bd51f2b0c099&Prime; button_border_width=\u00a0\u00bb2px\u00a0\u00bb button_icon=\u00a0\u00bb&#x37;||divi||400&Prime; button_icon_placement=\u00a0\u00bbleft\u00a0\u00bb button_on_hover=\u00a0\u00bboff\u00a0\u00bb display_conditions=\u00a0\u00bbW10=\u00a0\u00bb custom_padding=\u00a0\u00bb|1em||2em|true|false\u00a0\u00bb global_colors_info=\u00a0\u00bb{%22gcid-9b3062bd-236a-4f18-80bb-5ec14e62ef77%22:%91%22button_text_color__hover%22%93}\u00a0\u00bb][\/et_pb_button][\/et_pb_column][\/et_pb_row][\/et_pb_section][et_pb_section fb_built=\u00a0\u00bb1&Prime; _builder_version=\u00a0\u00bb4.27.4&Prime; _module_preset=\u00a0\u00bbf6aad590-1c6b-470a-aa06-d925c4b434e8&Prime; top_divider_color=\u00a0\u00bbgcid-9b3062bd-236a-4f18-80bb-5ec14e62ef77&Prime; global_colors_info=\u00a0\u00bb{%22gcid-9b3062bd-236a-4f18-80bb-5ec14e62ef77%22:%91%22top_divider_color%22%93}\u00a0\u00bb][\/et_pb_section][et_pb_section fb_built=\u00a0\u00bb1&Prime; _builder_version=\u00a0\u00bb4.27.4&Prime; _module_preset=\u00a0\u00bbdefault\u00a0\u00bb custom_margin=\u00a0\u00bb||2em||false|false\u00a0\u00bb custom_padding=\u00a0\u00bb||||false|false\u00a0\u00bb][et_pb_row _builder_version=\u00a0\u00bb4.27.4&Prime; _module_preset=\u00a0\u00bbdefault\u00a0\u00bb custom_margin=\u00a0\u00bb0px||0px||false|false\u00a0\u00bb custom_padding=\u00a0\u00bb0px||0px||false|false\u00a0\u00bb global_colors_info=\u00a0\u00bb{}\u00a0\u00bb][et_pb_column type=\u00a0\u00bb4_4&Prime; _builder_version=\u00a0\u00bb4.27.4&Prime; _module_preset=\u00a0\u00bbdefault\u00a0\u00bb global_colors_info=\u00a0\u00bb{}\u00a0\u00bb][et_pb_text disabled_on=\u00a0\u00bbon|off|off\u00a0\u00bb _builder_version=\u00a0\u00bb4.27.4&Prime; _module_preset=\u00a0\u00bbf8be3eda-b475-43cc-938a-ab9f7ac7ac0b\u00a0\u00bb hover_enabled=\u00a0\u00bb0&Prime; global_colors_info=\u00a0\u00bb{}\u00a0\u00bb sticky_enabled=\u00a0\u00bb0&Prime;]<\/p>\n<h2 style=\"text-align: center;\"><strong>Fabricant reconnu, Metalplast con\u00e7oit et produit des cabines approfondies pour r\u00e9pondre aux besoins des constructeurs automobiles, carrossiers\u2011constructeurs et am\u00e9nageurs professionnels.<\/strong><\/h2>\n<p>[\/et_pb_text][et_pb_text disabled_on=\u00a0\u00bboff|on|on\u00a0\u00bb _builder_version=\u00a0\u00bb4.27.4&Prime; _module_preset=\u00a0\u00bbf8be3eda-b475-43cc-938a-ab9f7ac7ac0b\u00a0\u00bb hover_enabled=\u00a0\u00bb0&Prime; global_colors_info=\u00a0\u00bb{}\u00a0\u00bb sticky_enabled=\u00a0\u00bb0&Prime;]<\/p>\n<h2 style=\"text-align: center;\"><strong>Fabricant reconnu, Metalplast con\u00e7oit et produit des cabines approfondies pour r\u00e9pondre aux besoins des constructeurs automobiles, carrossiers \u2011 constructeurs et am\u00e9nageurs professionnels.<\/strong><\/h2>\n<p>[\/et_pb_text][\/et_pb_column][\/et_pb_row][\/et_pb_section][et_pb_section fb_built=\u00a0\u00bb1&Prime; prev_background_color=\u00a0\u00bb#ffffff\u00a0\u00bb _builder_version=\u00a0\u00bb4.27.4&Prime; _module_preset=\u00a0\u00bbdefault\u00a0\u00bb background_color=\u00a0\u00bbgcid-10d2cffc-90de-4a89-b64f-a6d3db801a4b\u00a0\u00bb custom_margin=\u00a0\u00bb0px||||false|false\u00a0\u00bb custom_padding=\u00a0\u00bb0px||||false|false\u00a0\u00bb top_divider_style=\u00a0\u00bbcurve\u00a0\u00bb top_divider_height=\u00a0\u00bb4em\u00a0\u00bb top_divider_flip=\u00a0\u00bbvertical\u00a0\u00bb global_colors_info=\u00a0\u00bb{%22gcid-10d2cffc-90de-4a89-b64f-a6d3db801a4b%22:%91%22background_color%22%93}\u00a0\u00bb][et_pb_row column_structure=\u00a0\u00bb1_3,1_3,1_3&Prime; use_custom_gutter=\u00a0\u00bbon\u00a0\u00bb gutter_width=\u00a0\u00bb2&Prime; make_equal=\u00a0\u00bbon\u00a0\u00bb _builder_version=\u00a0\u00bb4.27.4&Prime; _module_preset=\u00a0\u00bbdefault\u00a0\u00bb transform_translate=\u00a0\u00bb0px|-4em\u00a0\u00bb transform_translate_linked=\u00a0\u00bboff\u00a0\u00bb custom_padding=\u00a0\u00bb0px||0px||false|false\u00a0\u00bb global_colors_info=\u00a0\u00bb{}\u00a0\u00bb][et_pb_column type=\u00a0\u00bb1_3&Prime; _builder_version=\u00a0\u00bb4.27.4&Prime; _module_preset=\u00a0\u00bbb9b86570-9943-474f-9f79-e0e0a0ef67f2&Prime; global_colors_info=\u00a0\u00bb{}\u00a0\u00bb][et_pb_text _builder_version=\u00a0\u00bb4.27.4&Prime; _module_preset=\u00a0\u00bb1b4d8bc0-d0a4-4ecb-8399-8f2c25efda54&Prime; global_colors_info=\u00a0\u00bb{}\u00a0\u00bb]<\/p>\n<h4>Confort &amp; s\u00e9curit\u00e9<\/h4>\n<p>Jusqu\u2019\u00e0 5 places assises confortables, int\u00e9gration harmonieuse et conformit\u00e9 r\u00e9glementaire.<\/p>\n<p>[\/et_pb_text][\/et_pb_column][et_pb_column type=\u00a0\u00bb1_3&Prime; _builder_version=\u00a0\u00bb4.27.4&Prime; _module_preset=\u00a0\u00bbb9b86570-9943-474f-9f79-e0e0a0ef67f2&Prime; global_colors_info=\u00a0\u00bb{}\u00a0\u00bb][et_pb_text _builder_version=\u00a0\u00bb4.27.4&Prime; _module_preset=\u00a0\u00bb1b4d8bc0-d0a4-4ecb-8399-8f2c25efda54&Prime; global_colors_info=\u00a0\u00bb{}\u00a0\u00bb]<\/p>\n<h4>Flexibilit\u00e9<\/h4>\n<p>Une conception r\u00e9versible et adaptable, pens\u00e9e et fabriqu\u00e9e pour vos programmes industriels.<\/p>\n<p>[\/et_pb_text][\/et_pb_column][et_pb_column type=\u00a0\u00bb1_3&Prime; _builder_version=\u00a0\u00bb4.27.4&Prime; _module_preset=\u00a0\u00bbb9b86570-9943-474f-9f79-e0e0a0ef67f2&Prime; global_colors_info=\u00a0\u00bb{}\u00a0\u00bb][et_pb_text _builder_version=\u00a0\u00bb4.27.4&Prime; _module_preset=\u00a0\u00bb1b4d8bc0-d0a4-4ecb-8399-8f2c25efda54&Prime; global_colors_info=\u00a0\u00bb{}\u00a0\u00bb]<\/p>\n<h4>Partenariat<\/h4>\n<p>Un interlocuteur unique et expert, au\u00a0service des constructeurs, carrossiers\u00a0et\u00a0am\u00e9nageurs.<\/p>\n<p>[\/et_pb_text][\/et_pb_column][\/et_pb_row][et_pb_row column_structure=\u00a0\u00bb2_3,1_3&Prime; _builder_version=\u00a0\u00bb4.27.4&Prime; _module_preset=\u00a0\u00bbdefault\u00a0\u00bb custom_margin=\u00a0\u00bb0px||||false|false\u00a0\u00bb custom_padding=\u00a0\u00bb0px||||false|false\u00a0\u00bb global_colors_info=\u00a0\u00bb{}\u00a0\u00bb][et_pb_column type=\u00a0\u00bb2_3&Prime; _builder_version=\u00a0\u00bb4.27.4&Prime; _module_preset=\u00a0\u00bbdefault\u00a0\u00bb global_colors_info=\u00a0\u00bb{}\u00a0\u00bb][et_pb_text _builder_version=\u00a0\u00bb4.27.4&Prime; _module_preset=\u00a0\u00bbf8be3eda-b475-43cc-938a-ab9f7ac7ac0b\u00a0\u00bb custom_margin=\u00a0\u00bb0em||0em||false|false\u00a0\u00bb hover_enabled=\u00a0\u00bb0&Prime; header_2_text_align_tablet=\u00a0\u00bb\u00a0\u00bb header_2_text_align_phone=\u00a0\u00bbcenter\u00a0\u00bb header_2_text_align_last_edited=\u00a0\u00bbon|phone\u00a0\u00bb global_colors_info=\u00a0\u00bb{}\u00a0\u00bb sticky_enabled=\u00a0\u00bb0&Prime;]<\/p>\n<h3>Notre cabine approfondie Nouveau Renault Kangoo L2<\/h3>\n<p>[\/et_pb_text][dipl_separator seprator_thickness=\u00a0\u00bb6px\u00a0\u00bb separator_color=\u00a0\u00bbgcid-9b3062bd-236a-4f18-80bb-5ec14e62ef77&Prime; _builder_version=\u00a0\u00bb4.27.4&Prime; _module_preset=\u00a0\u00bbdefault\u00a0\u00bb custom_margin=\u00a0\u00bb2.2em||2.2em||true|false\u00a0\u00bb global_colors_info=\u00a0\u00bb{%22gcid-9b3062bd-236a-4f18-80bb-5ec14e62ef77%22:%91%22separator_color%22%93}\u00a0\u00bb][\/dipl_separator][et_pb_text _builder_version=\u00a0\u00bb4.27.4&Prime; _module_preset=\u00a0\u00bbf8be3eda-b475-43cc-938a-ab9f7ac7ac0b\u00a0\u00bb custom_margin=\u00a0\u00bb0em||2em||false|false\u00a0\u00bb custom_padding_phone=\u00a0\u00bb0px|0em|2em|0em|false|true\u00a0\u00bb hover_enabled=\u00a0\u00bb0&Prime; global_colors_info=\u00a0\u00bb{}\u00a0\u00bb sticky_enabled=\u00a0\u00bb0&Prime;]<\/p>\n<p>Notre cabine approfondie illustre parfaitement notre savoir-faire de fabricant. Elle combine confort pour 5 passagers, volume de chargement optimis\u00e9 et conformit\u00e9 aux normes en vigueur.<\/p>\n<p>Disponible sur le nouveau Kangoo L2, elle r\u00e9pond aux besoins concrets des programmes industriels et des flottes professionnelles.<\/p>\n<p>[\/et_pb_text][et_pb_gallery gallery_ids=\u00a0\u00bb2909,2912,2906&Prime; posts_number=\u00a0\u00bb3&Prime; orientation=\u00a0\u00bbportrait\u00a0\u00bb show_title_and_caption=\u00a0\u00bboff\u00a0\u00bb show_pagination=\u00a0\u00bboff\u00a0\u00bb zoom_icon_color=\u00a0\u00bb#FFFFFF\u00a0\u00bb hover_overlay_color=\u00a0\u00bbrgba(45,133,189,0.5)\u00a0\u00bb hover_icon=\u00a0\u00bb&#xf00e;||fa||900&Prime; _builder_version=\u00a0\u00bb4.27.4&Prime; _module_preset=\u00a0\u00bbdefault\u00a0\u00bb width=\u00a0\u00bb100%\u00a0\u00bb custom_margin=\u00a0\u00bb||0px||false|false\u00a0\u00bb custom_padding=\u00a0\u00bb||0px||false|false\u00a0\u00bb hover_enabled=\u00a0\u00bb0&Prime; border_radii_image=\u00a0\u00bbon|8px|8px|8px|8px\u00a0\u00bb border_width_all_image=\u00a0\u00bb1px\u00a0\u00bb box_shadow_style_image=\u00a0\u00bbpreset1&Prime; global_colors_info=\u00a0\u00bb{}\u00a0\u00bb sticky_enabled=\u00a0\u00bb0&Prime;][\/et_pb_gallery][et_pb_text _builder_version=\u00a0\u00bb4.27.4&Prime; _module_preset=\u00a0\u00bbf8be3eda-b475-43cc-938a-ab9f7ac7ac0b\u00a0\u00bb custom_margin=\u00a0\u00bb0em||0em||true|false\u00a0\u00bb hover_enabled=\u00a0\u00bb0&Prime; global_colors_info=\u00a0\u00bb{}\u00a0\u00bb text_font_size_last_edited=\u00a0\u00bbon|phone\u00a0\u00bb text_font_size_phone=\u00a0\u00bb16px\u00a0\u00bb sticky_enabled=\u00a0\u00bb0&Prime;]<\/p>\n<p style=\"text-align: center;\"><em>Vues int\u00e9rieures et zone de chargement.<\/em><\/p>\n<p>[\/et_pb_text][\/et_pb_column][et_pb_column type=\u00a0\u00bb1_3&Prime; _builder_version=\u00a0\u00bb4.27.4&Prime; _module_preset=\u00a0\u00bbdefault\u00a0\u00bb global_colors_info=\u00a0\u00bb{}\u00a0\u00bb][et_pb_video src=\u00a0\u00bbhttps:\/\/metalplast.fr\/wp-content\/uploads\/2025\/09\/Film-Banquette.mp4&Prime; src_webm=\u00a0\u00bbhttps:\/\/metalplast.fr\/wp-content\/uploads\/2025\/09\/Film-Banquette.webm\u00a0\u00bb _builder_version=\u00a0\u00bb4.27.4&Prime; _module_preset=\u00a0\u00bbdefault\u00a0\u00bb border_radii=\u00a0\u00bbon|8px|8px|8px|8px\u00a0\u00bb global_colors_info=\u00a0\u00bb{}\u00a0\u00bb][\/et_pb_video][et_pb_code _builder_version=\u00a0\u00bb4.27.4&Prime; _module_preset=\u00a0\u00bbdefault\u00a0\u00bb global_colors_info=\u00a0\u00bb{}\u00a0\u00bb]<\/p>\n<style><!-- [et_pb_line_break_holder] -->@media (min-width: 981px) {<!-- [et_pb_line_break_holder] -->    .et_pb_gutters3 .et_pb_column_2_3 .et_pb_grid_item {<!-- [et_pb_line_break_holder] -->        width: 32%;<!-- [et_pb_line_break_holder] -->        margin-right: 2%;<!-- [et_pb_line_break_holder] -->        margin-bottom: 0;<!-- [et_pb_line_break_holder] -->    }<!-- [et_pb_line_break_holder] -->}<!-- [et_pb_line_break_holder] --><\/style>\n<p>[\/et_pb_code][\/et_pb_column][\/et_pb_row][\/et_pb_section][et_pb_section fb_built=\u00a0\u00bb1&Prime; _builder_version=\u00a0\u00bb4.27.4&Prime; _module_preset=\u00a0\u00bbdefault\u00a0\u00bb background_enable_color=\u00a0\u00bboff\u00a0\u00bb global_colors_info=\u00a0\u00bb{%22gcid-10d2cffc-90de-4a89-b64f-a6d3db801a4b%22:%91%22background_color%22%93}\u00a0\u00bb][et_pb_row _builder_version=\u00a0\u00bb4.27.4&Prime; _module_preset=\u00a0\u00bbdefault\u00a0\u00bb custom_margin=\u00a0\u00bb0px||0px||true|false\u00a0\u00bb custom_padding=\u00a0\u00bb0px||0px||true|false\u00a0\u00bb global_colors_info=\u00a0\u00bb{}\u00a0\u00bb][et_pb_column type=\u00a0\u00bb4_4&Prime; _builder_version=\u00a0\u00bb4.27.4&Prime; _module_preset=\u00a0\u00bbdefault\u00a0\u00bb global_colors_info=\u00a0\u00bb{}\u00a0\u00bb][et_pb_text _builder_version=\u00a0\u00bb4.27.4&Prime; _module_preset=\u00a0\u00bbf8be3eda-b475-43cc-938a-ab9f7ac7ac0b\u00a0\u00bb custom_padding=\u00a0\u00bb0px|6em|0px|6em|false|true\u00a0\u00bb hover_enabled=\u00a0\u00bb0&Prime; global_colors_info=\u00a0\u00bb{}\u00a0\u00bb sticky_enabled=\u00a0\u00bb0&Prime;]<\/p>\n<h2 style=\"text-align: center;\"><strong>Construisons ensemble vos futurs programmes<\/strong><\/h2>\n<p style=\"text-align: center;\">En tant que fabricant, Metalplast met son expertise au service des <strong>constructeurs automobiles<\/strong>, des <strong>carrossiers-constructeurs<\/strong> et des <strong>am\u00e9nageurs<\/strong>. Contactez-nous pour des solutions adapt\u00e9es \u00e0 vos volumes et \u00e0 vos cahiers des charges.<\/p>\n<p>[\/et_pb_text][et_pb_button button_url=\u00a0\u00bb#CTA-form\u00a0\u00bb button_text=\u00a0\u00bb\u00c9changer avec nos \u00e9quipes\u00a0\u00bb _builder_version=\u00a0\u00bb4.27.4&Prime; _module_preset=\u00a0\u00bbcf91afbe-bc68-4b64-9381-269179c56993&Prime; button_icon=\u00a0\u00bb&#x37;||divi||400&Prime; global_colors_info=\u00a0\u00bb{%22gcid-9b3062bd-236a-4f18-80bb-5ec14e62ef77%22:%91%22button_bg_color%22%93,%22gcid-4947806e-2832-4e10-830a-4192f917fe09%22:%91%22button_bg_color__hover%22%93}\u00a0\u00bb][\/et_pb_button][\/et_pb_column][\/et_pb_row][\/et_pb_section][et_pb_section fb_built=\u00a0\u00bb1&Prime; module_id=\u00a0\u00bbCTA-form\u00a0\u00bb _builder_version=\u00a0\u00bb4.27.4&Prime; _module_preset=\u00a0\u00bbdefault\u00a0\u00bb background_color=\u00a0\u00bbgcid-10d2cffc-90de-4a89-b64f-a6d3db801a4b\u00a0\u00bb global_colors_info=\u00a0\u00bb{%22gcid-10d2cffc-90de-4a89-b64f-a6d3db801a4b%22:%91%22background_color%22%93}\u00a0\u00bb][et_pb_row column_structure=\u00a0\u00bb1_4,1_2,1_4&Prime; _builder_version=\u00a0\u00bb4.27.4&Prime; _module_preset=\u00a0\u00bbdefault\u00a0\u00bb custom_margin=\u00a0\u00bb0px||0px||true|false\u00a0\u00bb custom_padding=\u00a0\u00bb0px||0px||true|false\u00a0\u00bb global_colors_info=\u00a0\u00bb{}\u00a0\u00bb][et_pb_column type=\u00a0\u00bb1_4&Prime; disabled_on=\u00a0\u00bbon|off|off\u00a0\u00bb _builder_version=\u00a0\u00bb4.27.4&Prime; _module_preset=\u00a0\u00bbdefault\u00a0\u00bb global_colors_info=\u00a0\u00bb{}\u00a0\u00bb][\/et_pb_column][et_pb_column type=\u00a0\u00bb1_2&Prime; _builder_version=\u00a0\u00bb4.27.4&Prime; _module_preset=\u00a0\u00bbdefault\u00a0\u00bb global_colors_info=\u00a0\u00bb{}\u00a0\u00bb][et_pb_text _builder_version=\u00a0\u00bb4.27.4&Prime; _module_preset=\u00a0\u00bbf8be3eda-b475-43cc-938a-ab9f7ac7ac0b\u00a0\u00bb hover_enabled=\u00a0\u00bb0&Prime; global_colors_info=\u00a0\u00bb{}\u00a0\u00bb sticky_enabled=\u00a0\u00bb0&Prime;]<\/p>\n<h2 style=\"text-align: center;\"><strong>Contact<\/strong><\/h2>\n<p style=\"text-align: center;\">Nos \u00e9quipes commerciales et techniques vous accompagnent dans vos projets. D\u00e9crivez votre besoin pour que nous puissions vous \u00e9tablir une offre d\u00e9di\u00e9e.<\/p>\n<p>[\/et_pb_text][\/et_pb_column][et_pb_column type=\u00a0\u00bb1_4&Prime; disabled_on=\u00a0\u00bbon|off|off\u00a0\u00bb _builder_version=\u00a0\u00bb4.27.4&Prime; _module_preset=\u00a0\u00bbdefault\u00a0\u00bb global_colors_info=\u00a0\u00bb{}\u00a0\u00bb][\/et_pb_column][\/et_pb_row][et_pb_row custom_padding_last_edited=\u00a0\u00bbon|phone\u00a0\u00bb _builder_version=\u00a0\u00bb4.27.4&Prime; _module_preset=\u00a0\u00bbdefault\u00a0\u00bb custom_margin_tablet=\u00a0\u00bb\u00a0\u00bb custom_margin_phone=\u00a0\u00bb||0px||false|false\u00a0\u00bb custom_margin_last_edited=\u00a0\u00bbon|phone\u00a0\u00bb custom_padding_tablet=\u00a0\u00bb\u00a0\u00bb custom_padding_phone=\u00a0\u00bb||0px||false|false\u00a0\u00bb global_colors_info=\u00a0\u00bb{}\u00a0\u00bb][et_pb_column type=\u00a0\u00bb4_4&Prime; _builder_version=\u00a0\u00bb4.27.4&Prime; _module_preset=\u00a0\u00bbdefault\u00a0\u00bb global_colors_info=\u00a0\u00bb{}\u00a0\u00bb][dipl_gravity_form_styler gravity_form_id=\u00a0\u00bb1&Prime; submit_align=\u00a0\u00bbcenter\u00a0\u00bb _builder_version=\u00a0\u00bb4.27.4&Prime; _module_preset=\u00a0\u00bbdefault\u00a0\u00bb border_radii_submit_button=\u00a0\u00bbon|6px|6px|6px|6px\u00a0\u00bb border_width_all_submit_button=\u00a0\u00bb0px\u00a0\u00bb global_colors_info=\u00a0\u00bb{}\u00a0\u00bb submit_bg_color__hover_enabled=\u00a0\u00bbon|desktop\u00a0\u00bb submit_bg_enable_color__hover=\u00a0\u00bbon\u00a0\u00bb][\/dipl_gravity_form_styler][\/et_pb_column][\/et_pb_row][\/et_pb_section]<\/p>\n","protected":false},"excerpt":{"rendered":"<p>Cabines approfondies pour v\u00e9hicules utilitaires \u00a0Nos solutions adapt\u00e9es aux programmes industriels.Fabricant reconnu, Metalplast con\u00e7oit et produit des cabines approfondies pour r\u00e9pondre aux besoins des constructeurs automobiles, carrossiers\u2011constructeurs et am\u00e9nageurs professionnels.Fabricant reconnu, Metalplast con\u00e7oit et produit des cabines approfondies pour r\u00e9pondre aux besoins des constructeurs automobiles, carrossiers \u2011 constructeurs et am\u00e9nageurs professionnels.Confort &amp; s\u00e9curit\u00e9 Jusqu\u2019\u00e0 5 [&hellip;]<\/p>\n","protected":false},"author":2,"featured_media":0,"parent":0,"menu_order":5,"comment_status":"closed","ping_status":"closed","template":"","meta":{"_et_pb_use_builder":"on","_et_pb_old_content":"","_et_gb_content_width":"","footnotes":""},"class_list":["post-2926","page","type-page","status-publish","hentry"],"_links":{"self":[{"href":"https:\/\/metalplast.fr\/fr\/wp-json\/wp\/v2\/pages\/2926","targetHints":{"allow":["GET"]}}],"collection":[{"href":"https:\/\/metalplast.fr\/fr\/wp-json\/wp\/v2\/pages"}],"about":[{"href":"https:\/\/metalplast.fr\/fr\/wp-json\/wp\/v2\/types\/page"}],"author":[{"embeddable":true,"href":"https:\/\/metalplast.fr\/fr\/wp-json\/wp\/v2\/users\/2"}],"replies":[{"embeddable":true,"href":"https:\/\/metalplast.fr\/fr\/wp-json\/wp\/v2\/comments?post=2926"}],"version-history":[{"count":44,"href":"https:\/\/metalplast.fr\/fr\/wp-json\/wp\/v2\/pages\/2926\/revisions"}],"predecessor-version":[{"id":3022,"href":"https:\/\/metalplast.fr\/fr\/wp-json\/wp\/v2\/pages\/2926\/revisions\/3022"}],"wp:attachment":[{"href":"https:\/\/metalplast.fr\/fr\/wp-json\/wp\/v2\/media?parent=2926"}],"curies":[{"name":"wp","href":"https:\/\/api.w.org\/{rel}","templated":true}]}}