{"id":19,"date":"2019-02-08T09:19:49","date_gmt":"2019-02-08T08:19:49","guid":{"rendered":"http:\/\/dev2019.metalplast.fr\/showroom\/"},"modified":"2026-03-16T14:44:16","modified_gmt":"2026-03-16T13:44:16","slug":"accesssoires","status":"publish","type":"page","link":"https:\/\/metalplast.fr\/fr\/accesssoires","title":{"rendered":"Accessoires"},"content":{"rendered":"<p>[et_pb_section fb_built=\u00a0\u00bb1&Prime; admin_label=\u00a0\u00bbHeader\u00a0\u00bb _builder_version=\u00a0\u00bb4.20.2&Prime; _module_preset=\u00a0\u00bb9329f327-0fb1-4dec-9645-d2d81c727bf4&Prime; background_position=\u00a0\u00bbtop_center\u00a0\u00bb background_vertical_offset=\u00a0\u00bb10%\u00a0\u00bb custom_margin=\u00a0\u00bb0px||0px||true|false\u00a0\u00bb custom_padding=\u00a0\u00bb6em||6em||true|false\u00a0\u00bb locked=\u00a0\u00bboff\u00a0\u00bb global_colors_info=\u00a0\u00bb{}\u00a0\u00bb][et_pb_row _builder_version=\u00a0\u00bb4.20.0&Prime; _module_preset=\u00a0\u00bbdefault\u00a0\u00bb global_colors_info=\u00a0\u00bb{}\u00a0\u00bb][et_pb_column type=\u00a0\u00bb4_4&Prime; _builder_version=\u00a0\u00bb4.20.0&Prime; _module_preset=\u00a0\u00bbdefault\u00a0\u00bb global_colors_info=\u00a0\u00bb{}\u00a0\u00bb][et_pb_text _builder_version=\u00a0\u00bb4.20.1&Prime; _dynamic_attributes=\u00a0\u00bbcontent\u00a0\u00bb _module_preset=\u00a0\u00bbe6ae8082-0cdb-4c58-9ebc-2192deba7c8b\u00a0\u00bb global_colors_info=\u00a0\u00bb{}\u00a0\u00bb]@ET-DC@eyJkeW5hbWljIjp0cnVlLCJjb250ZW50IjoicG9zdF90aXRsZSIsInNldHRpbmdzIjp7ImJlZm9yZSI6IjxoMT4iLCJhZnRlciI6IjwvaDE+In19@[\/et_pb_text][et_pb_text _builder_version=\u00a0\u00bb4.20.1&Prime; _dynamic_attributes=\u00a0\u00bbcontent\u00a0\u00bb _module_preset=\u00a0\u00bbe6ae8082-0cdb-4c58-9ebc-2192deba7c8b\u00a0\u00bb global_colors_info=\u00a0\u00bb{}\u00a0\u00bb]@ET-DC@eyJkeW5hbWljIjp0cnVlLCJjb250ZW50IjoicG9zdF9leGNlcnB0Iiwic2V0dGluZ3MiOnsiYmVmb3JlIjoiPGgyPiIsImFmdGVyIjoiPC9oMj4iLCJ3b3JkcyI6IiIsInJlYWRfbW9yZV9sYWJlbCI6IiJ9fQ==@[\/et_pb_text][\/et_pb_column][\/et_pb_row][\/et_pb_section][et_pb_section fb_built=\u00a0\u00bb1&Prime; module_id=\u00a0\u00bbmetiers\u00a0\u00bb _builder_version=\u00a0\u00bb4.20.1&Prime; custom_margin=\u00a0\u00bb0px||0px||true|false\u00a0\u00bb custom_padding=\u00a0\u00bb0px||0px||true|false\u00a0\u00bb locked=\u00a0\u00bboff\u00a0\u00bb global_colors_info=\u00a0\u00bb{}\u00a0\u00bb][et_pb_row _builder_version=\u00a0\u00bb4.20.1&Prime; _module_preset=\u00a0\u00bbdefault\u00a0\u00bb custom_margin=\u00a0\u00bb2em||2em||false|false\u00a0\u00bb custom_padding=\u00a0\u00bb0px||0px||true|false\u00a0\u00bb global_colors_info=\u00a0\u00bb{}\u00a0\u00bb][et_pb_column type=\u00a0\u00bb4_4&Prime; _builder_version=\u00a0\u00bb4.20.1&Prime; _module_preset=\u00a0\u00bbdefault\u00a0\u00bb custom_padding=\u00a0\u00bb0px||0px||true|false\u00a0\u00bb global_colors_info=\u00a0\u00bb{}\u00a0\u00bb][toolset_divi_view toolset_view=\u00a0\u00bb2023-accessoires-liste-parents\u00a0\u00bb _builder_version=\u00a0\u00bb4.20.4&Prime; _module_preset=\u00a0\u00bbdefault\u00a0\u00bb custom_margin=\u00a0\u00bb0px||0px||true|false\u00a0\u00bb custom_padding=\u00a0\u00bb0px||0px||true|false\u00a0\u00bb global_colors_info=\u00a0\u00bb{}\u00a0\u00bb][\/toolset_divi_view][\/et_pb_column][\/et_pb_row][\/et_pb_section][et_pb_section fb_built=\u00a0\u00bb1&Prime; disabled_on=\u00a0\u00bboff|off|off\u00a0\u00bb admin_label=\u00a0\u00bbCTA EN\u00a0\u00bb _builder_version=\u00a0\u00bb4.27.4&Prime; use_background_color_gradient=\u00a0\u00bbon\u00a0\u00bb background_color_gradient_direction=\u00a0\u00bb90deg\u00a0\u00bb background_color_gradient_stops=\u00a0\u00bb#2b87da 0%|gcid-9b3062bd-236a-4f18-80bb-5ec14e62ef77 0%|gcid-8417204c-3e59-42d8-b51b-0d56b89679b5 100%\u00a0\u00bb positioning=\u00a0\u00bbnone\u00a0\u00bb custom_margin=\u00a0\u00bb0px||0px||true|false\u00a0\u00bb custom_padding=\u00a0\u00bb2em||2em||true|false\u00a0\u00bb bottom_divider_color=\u00a0\u00bb#FFFFFF\u00a0\u00bb hover_transition_duration=\u00a0\u00bb0ms\u00a0\u00bb global_module=\u00a0\u00bb1939&Prime; saved_tabs=\u00a0\u00bball\u00a0\u00bb locked=\u00a0\u00bboff\u00a0\u00bb global_colors_info=\u00a0\u00bb{%22gcid-9b3062bd-236a-4f18-80bb-5ec14e62ef77%22:%91%22background_color_gradient_stops%22%93,%22gcid-4947806e-2832-4e10-830a-4192f917fe09%22:%91%22background_color_gradient_stops%22%93,%22gcid-8417204c-3e59-42d8-b51b-0d56b89679b5%22:%91%22background_color_gradient_stops%22%93}\u00a0\u00bb][et_pb_row column_structure=\u00a0\u00bb2_3,1_3&Prime; _builder_version=\u00a0\u00bb4.20.0&Prime; _module_preset=\u00a0\u00bbdefault\u00a0\u00bb global_colors_info=\u00a0\u00bb{}\u00a0\u00bb][et_pb_column type=\u00a0\u00bb2_3&Prime; _builder_version=\u00a0\u00bb4.20.0&Prime; _module_preset=\u00a0\u00bbdefault\u00a0\u00bb global_colors_info=\u00a0\u00bb{}\u00a0\u00bb][et_pb_text _builder_version=\u00a0\u00bb4.27.4&Prime; _module_preset=\u00a0\u00bb11ec063a-289d-4b2f-92ed-796b82fd43eb\u00a0\u00bb header_3_text_color=\u00a0\u00bb#FFFFFF\u00a0\u00bb global_colors_info=\u00a0\u00bb{%22gcid-8417204c-3e59-42d8-b51b-0d56b89679b5%22:%91%22text_text_color%22%93}\u00a0\u00bb]<\/p>\n<h3>Faites-nous part de vos besoins<\/h3>\n<p>[\/et_pb_text][dipl_separator seprator_thickness=\u00a0\u00bb6px\u00a0\u00bb separator_color=\u00a0\u00bbrgba(255,255,255,0.25)\u00a0\u00bb admin_label=\u00a0\u00bbDP Separator\u00a0\u00bb _builder_version=\u00a0\u00bb4.20.0&Prime; _module_preset=\u00a0\u00bbdefault\u00a0\u00bb width=\u00a0\u00bb250px\u00a0\u00bb width_tablet=\u00a0\u00bb250px\u00a0\u00bb width_phone=\u00a0\u00bb100%\u00a0\u00bb width_last_edited=\u00a0\u00bbon|desktop\u00a0\u00bb module_alignment=\u00a0\u00bbleft\u00a0\u00bb custom_margin=\u00a0\u00bb0px||0px||true|false\u00a0\u00bb custom_padding=\u00a0\u00bb0px||0px||true|false\u00a0\u00bb global_colors_info=\u00a0\u00bb{}\u00a0\u00bb][\/dipl_separator][\/et_pb_column][et_pb_column type=\u00a0\u00bb1_3&Prime; _builder_version=\u00a0\u00bb4.20.0&Prime; _module_preset=\u00a0\u00bbdefault\u00a0\u00bb global_colors_info=\u00a0\u00bb{}\u00a0\u00bb][\/et_pb_column][\/et_pb_row][et_pb_row column_structure=\u00a0\u00bb2_3,1_3&Prime; make_equal=\u00a0\u00bbon\u00a0\u00bb _builder_version=\u00a0\u00bb4.20.0&Prime; _module_preset=\u00a0\u00bbdefault\u00a0\u00bb custom_margin=\u00a0\u00bb0px||0px||true|false\u00a0\u00bb custom_padding=\u00a0\u00bb0px||0px||true|false\u00a0\u00bb global_colors_info=\u00a0\u00bb{}\u00a0\u00bb][et_pb_column type=\u00a0\u00bb2_3&Prime; _builder_version=\u00a0\u00bb4.20.0&Prime; _module_preset=\u00a0\u00bbdefault\u00a0\u00bb global_colors_info=\u00a0\u00bb{}\u00a0\u00bb][et_pb_text _builder_version=\u00a0\u00bb4.27.4&Prime; _module_preset=\u00a0\u00bbdefault\u00a0\u00bb global_colors_info=\u00a0\u00bb{}\u00a0\u00bb]<\/p>\n<h2>Laissez-nous donner vie \u00e0 votre projet ! Nos solutions cr\u00e9atives sur mesure vous garantiront la meilleure r\u00e9ponse possible afin de r\u00e9pondre \u00e0 vos attentes et \u00e0 vos besoins.<\/h2>\n<p>[\/et_pb_text][\/et_pb_column][et_pb_column type=\u00a0\u00bb1_3&Prime; _builder_version=\u00a0\u00bb4.20.0&Prime; _module_preset=\u00a0\u00bbdefault\u00a0\u00bb global_colors_info=\u00a0\u00bb{}\u00a0\u00bb][et_pb_button button_url=\u00a0\u00bb@ET-DC@eyJkeW5hbWljIjp0cnVlLCJjb250ZW50IjoicG9zdF9saW5rX3VybF9wYWdlIiwic2V0dGluZ3MiOnsicG9zdF9pZCI6IjM5In19@\u00a0\u00bb button_text=\u00a0\u00bbContactez-nous !\u00a0\u00bb _builder_version=\u00a0\u00bb4.27.4&Prime; _dynamic_attributes=\u00a0\u00bbbutton_url\u00a0\u00bb _module_preset=\u00a0\u00bb45cf0cea-1cf4-4518-afa6-55513af2f8ab\u00a0\u00bb global_colors_info=\u00a0\u00bb{}\u00a0\u00bb][\/et_pb_button][\/et_pb_column][\/et_pb_row][\/et_pb_section]<\/p>\n","protected":false},"excerpt":{"rendered":"<p>Metalplast con\u00e7oit, d\u00e9veloppe et commercialise des \u00e9quipements et accessoires exclusivement pour les constructeurs Automobile.<\/p>\n","protected":false},"author":1,"featured_media":0,"parent":0,"menu_order":6,"comment_status":"closed","ping_status":"closed","template":"","meta":{"_et_pb_use_builder":"on","_et_pb_old_content":"[vc_row full_width=\"stretch_row\" content_placement=\"middle\" bg_type=\"image\" parallax_style=\"vcpb-default\" bg_image_new=\"id^129|url^http:\/\/dev2019.metalplast.fr\/wp-content\/uploads\/2019\/02\/slide4.jpg|caption^null|alt^null|title^slide4|description^null\" bg_image_repeat=\"no-repeat\" bg_img_attach=\"fixed\" seperator_enable=\"seperator_enable_value\" seperator_type=\"xlarge_triangle_left_seperator\" seperator_position=\"bottom_seperator\" seperator_svg_height=\"120\" el_id=\"metalplast\" css=\".vc_custom_1549964907211{margin-bottom: 0px !important;padding-bottom: 0px !important;}\"][vc_column][vc_custom_heading source=\"post_title\" font_container=\"tag:h1|font_size:3em|text_align:left|color:%23ffffff\" google_fonts=\"font_family:Lato%3A100%2C100italic%2C300%2C300italic%2Cregular%2Citalic%2C700%2C700italic%2C900%2C900italic|font_style:700%20bold%20regular%3A700%3Anormal\" css_animation=\"none\" css=\".vc_custom_1549964867024{margin-top: 1em !important;}\"][vc_custom_heading text=\"Metalplast con\u00e7oit, d\u00e9veloppe et commercialise des accessoires et pi\u00e8ces exclusivement pour les constructeurs Automobile.\" font_container=\"tag:h3|font_size:2em|text_align:left|color:%23ffffff\" google_fonts=\"font_family:Lato%3A100%2C100italic%2C300%2C300italic%2Cregular%2Citalic%2C700%2C700italic%2C900%2C900italic|font_style:300%20light%20regular%3A300%3Anormal\" css_animation=\"fadeIn\" css=\".vc_custom_1549964878393{margin-bottom: 4em !important;}\"][\/vc_column][\/vc_row]\r\n[vc_row][vc_column][vc_column_text]{!{wpv-view name='liste-produits-parents'}!}[\/vc_column_text][\/vc_column][\/vc_row]","_et_gb_content_width":"","footnotes":""},"class_list":["post-19","page","type-page","status-publish","hentry"],"_links":{"self":[{"href":"https:\/\/metalplast.fr\/fr\/wp-json\/wp\/v2\/pages\/19","targetHints":{"allow":["GET"]}}],"collection":[{"href":"https:\/\/metalplast.fr\/fr\/wp-json\/wp\/v2\/pages"}],"about":[{"href":"https:\/\/metalplast.fr\/fr\/wp-json\/wp\/v2\/types\/page"}],"author":[{"embeddable":true,"href":"https:\/\/metalplast.fr\/fr\/wp-json\/wp\/v2\/users\/1"}],"replies":[{"embeddable":true,"href":"https:\/\/metalplast.fr\/fr\/wp-json\/wp\/v2\/comments?post=19"}],"version-history":[{"count":17,"href":"https:\/\/metalplast.fr\/fr\/wp-json\/wp\/v2\/pages\/19\/revisions"}],"predecessor-version":[{"id":3099,"href":"https:\/\/metalplast.fr\/fr\/wp-json\/wp\/v2\/pages\/19\/revisions\/3099"}],"wp:attachment":[{"href":"https:\/\/metalplast.fr\/fr\/wp-json\/wp\/v2\/media?parent=19"}],"curies":[{"name":"wp","href":"https:\/\/api.w.org\/{rel}","templated":true}]}}